{"id":6054,"date":"2022-06-20T10:45:26","date_gmt":"2022-06-20T15:45:26","guid":{"rendered":"http:\/\/casualinsurance.three.zysites.com\/about-us\/"},"modified":"2023-10-25T17:31:55","modified_gmt":"2023-10-25T22:31:55","slug":"about-us","status":"publish","type":"page","link":"https:\/\/www.casualinsurance.com\/es\/about-us\/","title":{"rendered":"Acerca de nosotros"},"content":{"rendered":"<p>\u00a1Bienvenido!<\/p>\n<p>Casual Insurance Group es una agencia de seguros independiente, establecida en 2009, dedicada a brindar a nuestros clientes un servicio atento y personalizado. Ayudamos a nuestros clientes a analizar sus necesidades de seguros. Estamos comprometidos a ofrecer una amplia gama de soluciones para cubrir sus necesidades de seguros personales y comerciales.<\/p>\n<p>Como agencia independiente representamos a numerosas empresas, lo que nos permite ofrecer a nuestros clientes los productos que mejor se adaptan a sus necesidades de seguros.<\/p>\n<p>VIDA &#8211; AUTO &#8211; HOGAR &#8211; RESPONSABILIDAD GENERAL &#8211; COMERCIAL &#8211; SALUD &#8211; RESIDENCIAL<\/p>\n<p>Nuestro objetivo es brindar a nuestros clientes el mejor servicio al cliente, comenzando con la p\u00f3liza inicial, pasando por las renovaciones, los cambios y las actualizaciones que puedan ser necesarios. Estamos comprometidos a servir a nuestros clientes con asesoramiento profesional y una cartera de productos de seguros personales y comerciales que se ajusten a sus necesidades espec\u00edficas.<\/p>\n<p>En Casual Insurance Group nuestros clientes son nuestra prioridad n\u00famero uno. Nuestro principal objetivo es brindar a nuestros clientes individuales y comerciales en el estado de Florida el m\u00e1s alto nivel de servicios de seguros profesionales y personalizados. Representamos a numerosas empresas y podemos ofrecer productos y servicios que cubrir\u00e1n todas las \u00e1reas de sus necesidades de protecci\u00f3n.<\/p>\n<p>Casual Insurance Group es su ventanilla \u00fanica para todas sus necesidades de seguros personales y comerciales.<\/p>\n","protected":false},"excerpt":{"rendered":"<p>\u00a1Bienvenido! Casual Insurance Group es una agencia de seguros independiente, establecida en 2009, dedicada a brindar a nuestros clientes un servicio atento y personalizado. Ayudamos a nuestros clientes a analizar sus necesidades de seguros. Estamos comprometidos a ofrecer una amplia gama de soluciones para cubrir sus necesidades de seguros personales y comerciales. Como agencia independiente [&hellip;]<\/p>\n","protected":false},"author":35,"featured_media":0,"parent":0,"menu_order":0,"comment_status":"closed","ping_status":"closed","template":"","meta":{"_acf_changed":false,"_seopress_robots_primary_cat":null,"_seopress_titles_title":"","_seopress_titles_desc":"","_seopress_robots_index":"","_analytify_skip_tracking":false,"footnotes":""},"class_list":["post-6054","page","type-page","status-publish","hentry"],"acf":[],"_links":{"self":[{"href":"https:\/\/www.casualinsurance.com\/es\/wp-json\/wp\/v2\/pages\/6054","targetHints":{"allow":["GET"]}}],"collection":[{"href":"https:\/\/www.casualinsurance.com\/es\/wp-json\/wp\/v2\/pages"}],"about":[{"href":"https:\/\/www.casualinsurance.com\/es\/wp-json\/wp\/v2\/types\/page"}],"author":[{"embeddable":true,"href":"https:\/\/www.casualinsurance.com\/es\/wp-json\/wp\/v2\/users\/35"}],"replies":[{"embeddable":true,"href":"https:\/\/www.casualinsurance.com\/es\/wp-json\/wp\/v2\/comments?post=6054"}],"version-history":[{"count":0,"href":"https:\/\/www.casualinsurance.com\/es\/wp-json\/wp\/v2\/pages\/6054\/revisions"}],"wp:attachment":[{"href":"https:\/\/www.casualinsurance.com\/es\/wp-json\/wp\/v2\/media?parent=6054"}],"curies":[{"name":"wp","href":"https:\/\/api.w.org\/{rel}","templated":true}]}}